{"id":987,"date":"2023-06-14T11:13:16","date_gmt":"2023-06-14T11:13:16","guid":{"rendered":"https:\/\/cerussa.com.pl\/?page_id=987"},"modified":"2024-10-03T14:51:53","modified_gmt":"2024-10-03T14:51:53","slug":"987-2","status":"publish","type":"page","link":"https:\/\/tressoli.com\/?page_id=987&lang=fr","title":{"rendered":"Alcool \u00e9thylique rectifi\u00e9"},"content":{"rendered":"\t\t<div data-elementor-type=\"wp-page\" data-elementor-id=\"987\" class=\"elementor elementor-987\" data-elementor-post-type=\"page\">\n\t\t\t\t\t\t<section class=\"elementor-section elementor-top-section elementor-element elementor-element-0e3e2f7 elementor-section-height-min-height elementor-section-boxed elementor-section-height-default elementor-section-items-middle elementor-invisible\" data-id=\"0e3e2f7\" data-element_type=\"section\" data-settings=\"{&quot;background_background&quot;:&quot;classic&quot;,&quot;animation&quot;:&quot;fadeIn&quot;,&quot;shape_divider_bottom&quot;:&quot;pyramids&quot;}\">\n\t\t\t\t\t\t\t<div class=\"elementor-background-overlay\"><\/div>\n\t\t\t\t\t\t<div class=\"elementor-shape elementor-shape-bottom\" data-negative=\"false\">\n\t\t\t<svg xmlns=\"http:\/\/www.w3.org\/2000\/svg\" viewBox=\"0 0 1000 100\" preserveAspectRatio=\"none\">\n\t<path class=\"elementor-shape-fill\" d=\"M761.9,44.1L643.1,27.2L333.8,98L0,3.8V0l1000,0v3.9\"\/>\n<\/svg>\t\t<\/div>\n\t\t\t\t\t<div class=\"elementor-container elementor-column-gap-default\">\n\t\t\t\t\t<div class=\"elementor-column elementor-col-100 elementor-top-column elementor-element elementor-element-8539e0d\" data-id=\"8539e0d\" data-element_type=\"column\">\n\t\t\t<div class=\"elementor-widget-wrap elementor-element-populated\">\n\t\t\t\t\t\t<div class=\"elementor-element elementor-element-6270c7d elementor-invisible elementor-widget elementor-widget-heading\" data-id=\"6270c7d\" data-element_type=\"widget\" data-settings=\"{&quot;_animation&quot;:&quot;fadeInUp&quot;}\" data-widget_type=\"heading.default\">\n\t\t\t\t<div class=\"elementor-widget-container\">\n\t\t\t<style>\/*! elementor - v3.19.0 - 26-02-2024 *\/\n.elementor-heading-title{padding:0;margin:0;line-height:1}.elementor-widget-heading .elementor-heading-title[class*=elementor-size-]>a{color:inherit;font-size:inherit;line-height:inherit}.elementor-widget-heading .elementor-heading-title.elementor-size-small{font-size:15px}.elementor-widget-heading .elementor-heading-title.elementor-size-medium{font-size:19px}.elementor-widget-heading .elementor-heading-title.elementor-size-large{font-size:29px}.elementor-widget-heading .elementor-heading-title.elementor-size-xl{font-size:39px}.elementor-widget-heading .elementor-heading-title.elementor-size-xxl{font-size:59px}<\/style><h4 class=\"elementor-heading-title elementor-size-default\">notre offre<\/h4>\t\t<\/div>\n\t\t\t\t<\/div>\n\t\t\t\t<div class=\"elementor-element elementor-element-47f54f4 elementor-widget elementor-widget-heading\" data-id=\"47f54f4\" data-element_type=\"widget\" data-widget_type=\"heading.default\">\n\t\t\t\t<div class=\"elementor-widget-container\">\n\t\t\t<h1 class=\"elementor-heading-title elementor-size-default\">Alcool \u00e9thylique rectifi\u00e9 <\/h1>\t\t<\/div>\n\t\t\t\t<\/div>\n\t\t\t\t\t<\/div>\n\t\t<\/div>\n\t\t\t\t\t<\/div>\n\t\t<\/section>\n\t\t\t\t<section class=\"elementor-section elementor-top-section elementor-element elementor-element-314b638 elementor-section-boxed elementor-section-height-default elementor-section-height-default\" data-id=\"314b638\" data-element_type=\"section\">\n\t\t\t\t\t\t<div class=\"elementor-container elementor-column-gap-default\">\n\t\t\t\t\t<div class=\"elementor-column elementor-col-100 elementor-top-column elementor-element elementor-element-82534d9\" data-id=\"82534d9\" data-element_type=\"column\">\n\t\t\t<div class=\"elementor-widget-wrap elementor-element-populated\">\n\t\t\t\t\t\t<section class=\"elementor-section elementor-inner-section elementor-element elementor-element-8d4cbe7 elementor-section-boxed elementor-section-height-default elementor-section-height-default\" data-id=\"8d4cbe7\" data-element_type=\"section\">\n\t\t\t\t\t\t<div class=\"elementor-container elementor-column-gap-default\">\n\t\t\t\t\t<div class=\"elementor-column elementor-col-100 elementor-inner-column elementor-element elementor-element-7818558\" data-id=\"7818558\" data-element_type=\"column\">\n\t\t\t<div class=\"elementor-widget-wrap elementor-element-populated\">\n\t\t\t\t\t\t<div class=\"elementor-element elementor-element-ca8f947 elementor-invisible elementor-widget elementor-widget-image\" data-id=\"ca8f947\" data-element_type=\"widget\" data-settings=\"{&quot;_animation&quot;:&quot;zoomIn&quot;}\" data-widget_type=\"image.default\">\n\t\t\t\t<div class=\"elementor-widget-container\">\n\t\t\t<style>\/*! elementor - v3.19.0 - 26-02-2024 *\/\n.elementor-widget-image{text-align:center}.elementor-widget-image a{display:inline-block}.elementor-widget-image a img[src$=\".svg\"]{width:48px}.elementor-widget-image img{vertical-align:middle;display:inline-block}<\/style>\t\t\t\t\t\t\t\t\t\t<img fetchpriority=\"high\" decoding=\"async\" width=\"2560\" height=\"1707\" src=\"https:\/\/tressoli.com\/wp-content\/uploads\/2021\/12\/cbd-oil_t20_JzRRJE-scaled.jpg\" class=\"attachment-full size-full wp-image-168\" alt=\"\" srcset=\"https:\/\/tressoli.com\/wp-content\/uploads\/2021\/12\/cbd-oil_t20_JzRRJE-scaled.jpg 2560w, https:\/\/tressoli.com\/wp-content\/uploads\/2021\/12\/cbd-oil_t20_JzRRJE-300x200.jpg 300w, https:\/\/tressoli.com\/wp-content\/uploads\/2021\/12\/cbd-oil_t20_JzRRJE-1024x683.jpg 1024w, https:\/\/tressoli.com\/wp-content\/uploads\/2021\/12\/cbd-oil_t20_JzRRJE-768x512.jpg 768w, https:\/\/tressoli.com\/wp-content\/uploads\/2021\/12\/cbd-oil_t20_JzRRJE-1536x1024.jpg 1536w, https:\/\/tressoli.com\/wp-content\/uploads\/2021\/12\/cbd-oil_t20_JzRRJE-2048x1365.jpg 2048w\" sizes=\"(max-width: 2560px) 100vw, 2560px\" \/>\t\t\t\t\t\t\t\t\t\t\t\t\t<\/div>\n\t\t\t\t<\/div>\n\t\t\t\t\t<\/div>\n\t\t<\/div>\n\t\t\t\t\t<\/div>\n\t\t<\/section>\n\t\t\t\t\t<\/div>\n\t\t<\/div>\n\t\t\t\t\t<\/div>\n\t\t<\/section>\n\t\t\t\t<section class=\"elementor-section elementor-top-section elementor-element elementor-element-493bcfb elementor-section-content-middle elementor-reverse-mobile elementor-section-boxed elementor-section-height-default elementor-section-height-default\" data-id=\"493bcfb\" data-element_type=\"section\" id=\"alkohol-etylowy-rektyfikowany\">\n\t\t\t\t\t\t<div class=\"elementor-container elementor-column-gap-default\">\n\t\t\t\t\t<div class=\"elementor-column elementor-col-50 elementor-top-column elementor-element elementor-element-9687c21 elementor-invisible\" data-id=\"9687c21\" data-element_type=\"column\" data-settings=\"{&quot;animation&quot;:&quot;fadeIn&quot;}\">\n\t\t\t<div class=\"elementor-widget-wrap elementor-element-populated\">\n\t\t\t\t\t\t<div class=\"elementor-element elementor-element-a58c298 elementor-widget elementor-widget-image\" data-id=\"a58c298\" data-element_type=\"widget\" data-widget_type=\"image.default\">\n\t\t\t\t<div class=\"elementor-widget-container\">\n\t\t\t\t\t\t\t\t\t\t\t\t\t<img fetchpriority=\"high\" decoding=\"async\" width=\"2560\" height=\"1707\" src=\"https:\/\/tressoli.com\/wp-content\/uploads\/2021\/12\/cbd-oil_t20_JzRRJE-scaled.jpg\" class=\"attachment-full size-full wp-image-168\" alt=\"\" srcset=\"https:\/\/tressoli.com\/wp-content\/uploads\/2021\/12\/cbd-oil_t20_JzRRJE-scaled.jpg 2560w, https:\/\/tressoli.com\/wp-content\/uploads\/2021\/12\/cbd-oil_t20_JzRRJE-300x200.jpg 300w, https:\/\/tressoli.com\/wp-content\/uploads\/2021\/12\/cbd-oil_t20_JzRRJE-1024x683.jpg 1024w, https:\/\/tressoli.com\/wp-content\/uploads\/2021\/12\/cbd-oil_t20_JzRRJE-768x512.jpg 768w, https:\/\/tressoli.com\/wp-content\/uploads\/2021\/12\/cbd-oil_t20_JzRRJE-1536x1024.jpg 1536w, https:\/\/tressoli.com\/wp-content\/uploads\/2021\/12\/cbd-oil_t20_JzRRJE-2048x1365.jpg 2048w\" sizes=\"(max-width: 2560px) 100vw, 2560px\" \/>\t\t\t\t\t\t\t\t\t\t\t\t\t<\/div>\n\t\t\t\t<\/div>\n\t\t\t\t\t<\/div>\n\t\t<\/div>\n\t\t\t\t<div class=\"elementor-column elementor-col-50 elementor-top-column elementor-element elementor-element-fb7a4a3 elementor-invisible\" data-id=\"fb7a4a3\" data-element_type=\"column\" data-settings=\"{&quot;animation&quot;:&quot;fadeInRight&quot;}\">\n\t\t\t<div class=\"elementor-widget-wrap elementor-element-populated\">\n\t\t\t\t\t\t<section class=\"elementor-section elementor-inner-section elementor-element elementor-element-9977684 elementor-section-boxed elementor-section-height-default elementor-section-height-default\" data-id=\"9977684\" data-element_type=\"section\">\n\t\t\t\t\t\t<div class=\"elementor-container elementor-column-gap-default\">\n\t\t\t\t\t<div class=\"elementor-column elementor-col-100 elementor-inner-column elementor-element elementor-element-d06b80e\" data-id=\"d06b80e\" data-element_type=\"column\">\n\t\t\t<div class=\"elementor-widget-wrap elementor-element-populated\">\n\t\t\t\t\t\t<div class=\"elementor-element elementor-element-140e976 elementor-widget elementor-widget-heading\" data-id=\"140e976\" data-element_type=\"widget\" data-widget_type=\"heading.default\">\n\t\t\t\t<div class=\"elementor-widget-container\">\n\t\t\t<h3 class=\"elementor-heading-title elementor-size-default\">Alcool \u00e9thylique rectifi\u00e9 <\/h3>\t\t<\/div>\n\t\t\t\t<\/div>\n\t\t\t\t<div class=\"elementor-element elementor-element-f38413a elementor-widget elementor-widget-text-editor\" data-id=\"f38413a\" data-element_type=\"widget\" data-widget_type=\"text-editor.default\">\n\t\t\t\t<div class=\"elementor-widget-container\">\n\t\t\t<style>\/*! elementor - v3.19.0 - 26-02-2024 *\/\n.elementor-widget-text-editor.elementor-drop-cap-view-stacked .elementor-drop-cap{background-color:#69727d;color:#fff}.elementor-widget-text-editor.elementor-drop-cap-view-framed .elementor-drop-cap{color:#69727d;border:3px solid;background-color:transparent}.elementor-widget-text-editor:not(.elementor-drop-cap-view-default) .elementor-drop-cap{margin-top:8px}.elementor-widget-text-editor:not(.elementor-drop-cap-view-default) .elementor-drop-cap-letter{width:1em;height:1em}.elementor-widget-text-editor .elementor-drop-cap{float:left;text-align:center;line-height:1;font-size:50px}.elementor-widget-text-editor .elementor-drop-cap-letter{display:inline-block}<\/style>\t\t\t\t<p>Alcool destin\u00e9 \u00e0 la fabrication de divers agents nettoyants, d\u00e9sinfectants et d\u00e9graissants de surfaces. Il est d\u00e9lib\u00e9r\u00e9ment contamin\u00e9 par des substances qui en alt\u00e8rent le go\u00fbt pour le rendre impropre \u00e0 la consommation. La substance utilis\u00e9e pour contaminer l&#8217;\u00e9thanol est, entre autres, le m\u00e9thanol, un produit toxique. Pour cette raison, il ne peut pas \u00eatre consomm\u00e9, alors que ses propri\u00e9t\u00e9s nettoyantes, d\u00e9sinfectantes ou d\u00e9graissantes restent inchang\u00e9es.<\/p>\t\t\t\t\t\t<\/div>\n\t\t\t\t<\/div>\n\t\t\t\t\t<\/div>\n\t\t<\/div>\n\t\t\t\t\t<\/div>\n\t\t<\/section>\n\t\t\t\t\t<\/div>\n\t\t<\/div>\n\t\t\t\t\t<\/div>\n\t\t<\/section>\n\t\t\t\t<section class=\"elementor-section elementor-top-section elementor-element elementor-element-affa2af elementor-section-content-middle elementor-section-boxed elementor-section-height-default elementor-section-height-default\" data-id=\"affa2af\" data-element_type=\"section\">\n\t\t\t\t\t\t<div class=\"elementor-container elementor-column-gap-default\">\n\t\t\t\t\t<div class=\"elementor-column elementor-col-50 elementor-top-column elementor-element elementor-element-fbc61dc elementor-invisible\" data-id=\"fbc61dc\" data-element_type=\"column\" data-settings=\"{&quot;animation&quot;:&quot;fadeInUp&quot;}\">\n\t\t\t<div class=\"elementor-widget-wrap elementor-element-populated\">\n\t\t\t\t\t\t<div class=\"elementor-element elementor-element-c7ea8c9 elementor-widget elementor-widget-heading\" data-id=\"c7ea8c9\" data-element_type=\"widget\" data-widget_type=\"heading.default\">\n\t\t\t\t<div class=\"elementor-widget-container\">\n\t\t\t<h4 class=\"elementor-heading-title elementor-size-default\">notre offre<\/h4>\t\t<\/div>\n\t\t\t\t<\/div>\n\t\t\t\t<div class=\"elementor-element elementor-element-b883d77 elementor-widget elementor-widget-heading\" data-id=\"b883d77\" data-element_type=\"widget\" data-widget_type=\"heading.default\">\n\t\t\t\t<div class=\"elementor-widget-container\">\n\t\t\t<h2 class=\"elementor-heading-title elementor-size-default\">Notre offre comprend  <\/h2>\t\t<\/div>\n\t\t\t\t<\/div>\n\t\t\t\t<section class=\"elementor-section elementor-inner-section elementor-element elementor-element-9e4e472 elementor-section-boxed elementor-section-height-default elementor-section-height-default\" data-id=\"9e4e472\" data-element_type=\"section\">\n\t\t\t\t\t\t<div class=\"elementor-container elementor-column-gap-default\">\n\t\t\t\t\t<div class=\"elementor-column elementor-col-50 elementor-inner-column elementor-element elementor-element-26541b3\" data-id=\"26541b3\" data-element_type=\"column\">\n\t\t\t<div class=\"elementor-widget-wrap elementor-element-populated\">\n\t\t\t\t\t\t<div class=\"elementor-element elementor-element-2187d91 elementor-view-default elementor-widget elementor-widget-icon\" data-id=\"2187d91\" data-element_type=\"widget\" data-widget_type=\"icon.default\">\n\t\t\t\t<div class=\"elementor-widget-container\">\n\t\t\t\t\t<div class=\"elementor-icon-wrapper\">\n\t\t\t<div class=\"elementor-icon\">\n\t\t\t<svg xmlns=\"http:\/\/www.w3.org\/2000\/svg\" xmlns:xlink=\"http:\/\/www.w3.org\/1999\/xlink\" xmlns:svgjs=\"http:\/\/svgjs.com\/svgjs\" width=\"512\" height=\"512\" x=\"0\" y=\"0\" viewBox=\"0 0 512 512\" style=\"enable-background:new 0 0 512 512\" xml:space=\"preserve\" class=\"\"><g><path xmlns=\"http:\/\/www.w3.org\/2000\/svg\" d=\"m256 6c-138.071 0-250 111.929-250 250s111.929 250 250 250 250-111.929 250-250-111.929-250-250-250zm52.075 374.689h-67.182v-192.865h-36.968v-56.513h104.15z\" fill=\"#97b300\" data-original=\"#000000\" class=\"\"><\/path><\/g><\/svg>\t\t\t<\/div>\n\t\t<\/div>\n\t\t\t\t<\/div>\n\t\t\t\t<\/div>\n\t\t\t\t\t<\/div>\n\t\t<\/div>\n\t\t\t\t<div class=\"elementor-column elementor-col-50 elementor-inner-column elementor-element elementor-element-95de965\" data-id=\"95de965\" data-element_type=\"column\">\n\t\t\t<div class=\"elementor-widget-wrap elementor-element-populated\">\n\t\t\t\t\t\t<div class=\"elementor-element elementor-element-e48debe elementor-widget elementor-widget-heading\" data-id=\"e48debe\" data-element_type=\"widget\" data-widget_type=\"heading.default\">\n\t\t\t\t<div class=\"elementor-widget-container\">\n\t\t\t<h3 class=\"elementor-heading-title elementor-size-default\">Alcool \u00e9thylique rectifi\u00e9 <\/h3>\t\t<\/div>\n\t\t\t\t<\/div>\n\t\t\t\t\t<\/div>\n\t\t<\/div>\n\t\t\t\t\t<\/div>\n\t\t<\/section>\n\t\t\t\t<section class=\"elementor-section elementor-inner-section elementor-element elementor-element-3978ee1 elementor-section-boxed elementor-section-height-default elementor-section-height-default\" data-id=\"3978ee1\" data-element_type=\"section\">\n\t\t\t\t\t\t<div class=\"elementor-container elementor-column-gap-default\">\n\t\t\t\t\t<div class=\"elementor-column elementor-col-100 elementor-inner-column elementor-element elementor-element-e22b773\" data-id=\"e22b773\" data-element_type=\"column\">\n\t\t\t<div class=\"elementor-widget-wrap elementor-element-populated\">\n\t\t\t\t\t\t<div class=\"elementor-element elementor-element-1670c52 e-transform elementor-widget elementor-widget-heading\" data-id=\"1670c52\" data-element_type=\"widget\" data-settings=\"{&quot;_transform_scale_effect&quot;:{&quot;unit&quot;:&quot;px&quot;,&quot;size&quot;:&quot;&quot;,&quot;sizes&quot;:[]},&quot;_transform_scale_effect_tablet&quot;:{&quot;unit&quot;:&quot;px&quot;,&quot;size&quot;:&quot;&quot;,&quot;sizes&quot;:[]},&quot;_transform_scale_effect_mobile&quot;:{&quot;unit&quot;:&quot;px&quot;,&quot;size&quot;:&quot;&quot;,&quot;sizes&quot;:[]}}\" data-widget_type=\"heading.default\">\n\t\t\t\t<div class=\"elementor-widget-container\">\n\t\t\t<p class=\"elementor-heading-title elementor-size-default\"><ul>\n<li>degr\u00e9 d'alcool - Lux <\/li>\n\n<li>la p\u00e9riode de garantie pour le stockage de l'alcool est de 5 ans \u00e0 compter de la date de production (sous r\u00e9serve du respect des exigences conform\u00e9ment aux documents normatifs en vigueur)<\/li>\n\n<li>type de mati\u00e8re premi\u00e8re - ma\u00efs, bl\u00e9<\/li>\n\n<li>aspect ext\u00e9rieur - liquide transparent<\/li>\n\n<\/ul><\/p>\t\t<\/div>\n\t\t\t\t<\/div>\n\t\t\t\t\t<\/div>\n\t\t<\/div>\n\t\t\t\t\t<\/div>\n\t\t<\/section>\n\t\t\t\t<div class=\"elementor-element elementor-element-1896898 elementor-widget elementor-widget-text-editor\" data-id=\"1896898\" data-element_type=\"widget\" data-widget_type=\"text-editor.default\">\n\t\t\t\t<div class=\"elementor-widget-container\">\n\t\t\t\t\t\t\t<p><b>Ces param\u00e8tres sont toujours adapt\u00e9s aux besoins individuels du Client.<\/b><br><\/p>\t\t\t\t\t\t<\/div>\n\t\t\t\t<\/div>\n\t\t\t\t<div class=\"elementor-element elementor-element-e7b3cdb elementor-widget elementor-widget-button\" data-id=\"e7b3cdb\" data-element_type=\"widget\" data-widget_type=\"button.default\">\n\t\t\t\t<div class=\"elementor-widget-container\">\n\t\t\t\t\t<div class=\"elementor-button-wrapper\">\n\t\t\t<a class=\"elementor-button elementor-button-link elementor-size-md\" href=\"https:\/\/tressoli.com\/?page_id=896&#038;lang=fr\">\n\t\t\t\t\t\t<span class=\"elementor-button-content-wrapper\">\n\t\t\t\t\t\t<span class=\"elementor-button-icon elementor-align-icon-right\">\n\t\t\t\t<i aria-hidden=\"true\" class=\"fas fa-long-arrow-alt-right\"><\/i>\t\t\t<\/span>\n\t\t\t\t\t\t<span class=\"elementor-button-text\">N\u00e9gocier le prix <\/span>\n\t\t<\/span>\n\t\t\t\t\t<\/a>\n\t\t<\/div>\n\t\t\t\t<\/div>\n\t\t\t\t<\/div>\n\t\t\t\t\t<\/div>\n\t\t<\/div>\n\t\t\t\t<div class=\"elementor-column elementor-col-50 elementor-top-column elementor-element elementor-element-89d91d6 elementor-hidden-mobile elementor-invisible\" data-id=\"89d91d6\" data-element_type=\"column\" data-settings=\"{&quot;animation&quot;:&quot;fadeInRight&quot;}\">\n\t\t\t<div class=\"elementor-widget-wrap elementor-element-populated\">\n\t\t\t\t\t\t<div class=\"elementor-element elementor-element-cb8ec0c elementor-widget elementor-widget-image\" data-id=\"cb8ec0c\" data-element_type=\"widget\" data-widget_type=\"image.default\">\n\t\t\t\t<div class=\"elementor-widget-container\">\n\t\t\t\t\t\t\t\t\t\t\t\t\t<img decoding=\"async\" width=\"2560\" height=\"1707\" src=\"https:\/\/tressoli.com\/wp-content\/uploads\/2021\/12\/macro-close-up-of-pipette-with-hemp-oil-medicinal-extract-oil-in-a-bottle-concept-of-using-cannabis_t20_nLPgw7-scaled.jpg\" class=\"attachment-full size-full wp-image-176\" alt=\"\" srcset=\"https:\/\/tressoli.com\/wp-content\/uploads\/2021\/12\/macro-close-up-of-pipette-with-hemp-oil-medicinal-extract-oil-in-a-bottle-concept-of-using-cannabis_t20_nLPgw7-scaled.jpg 2560w, https:\/\/tressoli.com\/wp-content\/uploads\/2021\/12\/macro-close-up-of-pipette-with-hemp-oil-medicinal-extract-oil-in-a-bottle-concept-of-using-cannabis_t20_nLPgw7-300x200.jpg 300w, https:\/\/tressoli.com\/wp-content\/uploads\/2021\/12\/macro-close-up-of-pipette-with-hemp-oil-medicinal-extract-oil-in-a-bottle-concept-of-using-cannabis_t20_nLPgw7-1024x683.jpg 1024w, https:\/\/tressoli.com\/wp-content\/uploads\/2021\/12\/macro-close-up-of-pipette-with-hemp-oil-medicinal-extract-oil-in-a-bottle-concept-of-using-cannabis_t20_nLPgw7-768x512.jpg 768w, https:\/\/tressoli.com\/wp-content\/uploads\/2021\/12\/macro-close-up-of-pipette-with-hemp-oil-medicinal-extract-oil-in-a-bottle-concept-of-using-cannabis_t20_nLPgw7-1536x1024.jpg 1536w, https:\/\/tressoli.com\/wp-content\/uploads\/2021\/12\/macro-close-up-of-pipette-with-hemp-oil-medicinal-extract-oil-in-a-bottle-concept-of-using-cannabis_t20_nLPgw7-2048x1365.jpg 2048w\" sizes=\"(max-width: 2560px) 100vw, 2560px\" \/>\t\t\t\t\t\t\t\t\t\t\t\t\t<\/div>\n\t\t\t\t<\/div>\n\t\t\t\t\t<\/div>\n\t\t<\/div>\n\t\t\t\t\t<\/div>\n\t\t<\/section>\n\t\t\t\t<\/div>\n\t\t","protected":false},"excerpt":{"rendered":"<p>notre offre Alcool \u00e9thylique rectifi\u00e9 Alcool \u00e9thylique rectifi\u00e9 Alcool destin\u00e9 \u00e0 la fabrication de divers agents nettoyants, d\u00e9sinfectants et d\u00e9graissants de surfaces. Il est d\u00e9lib\u00e9r\u00e9ment contamin\u00e9 par des substances qui en alt\u00e8rent le go\u00fbt pour le rendre impropre \u00e0 la consommation. La substance utilis\u00e9e pour contaminer l&#8217;\u00e9thanol est, entre autres, le m\u00e9thanol, un produit toxique. [&hellip;]<\/p>\n","protected":false},"author":1,"featured_media":0,"parent":927,"menu_order":0,"comment_status":"closed","ping_status":"closed","template":"","meta":{"ocean_post_layout":"","ocean_both_sidebars_style":"","ocean_both_sidebars_content_width":0,"ocean_both_sidebars_sidebars_width":0,"ocean_sidebar":"0","ocean_second_sidebar":"0","ocean_disable_margins":"enable","ocean_add_body_class":"","ocean_shortcode_before_top_bar":"","ocean_shortcode_after_top_bar":"","ocean_shortcode_before_header":"","ocean_shortcode_after_header":"","ocean_has_shortcode":"","ocean_shortcode_after_title":"","ocean_shortcode_before_footer_widgets":"","ocean_shortcode_after_footer_widgets":"","ocean_shortcode_before_footer_bottom":"","ocean_shortcode_after_footer_bottom":"","ocean_display_top_bar":"default","ocean_display_header":"default","ocean_header_style":"","ocean_center_header_left_menu":"0","ocean_custom_header_template":"0","ocean_custom_logo":0,"ocean_custom_retina_logo":0,"ocean_custom_logo_max_width":0,"ocean_custom_logo_tablet_max_width":0,"ocean_custom_logo_mobile_max_width":0,"ocean_custom_logo_max_height":0,"ocean_custom_logo_tablet_max_height":0,"ocean_custom_logo_mobile_max_height":0,"ocean_header_custom_menu":"0","ocean_menu_typo_font_family":"0","ocean_menu_typo_font_subset":"","ocean_menu_typo_font_size":0,"ocean_menu_typo_font_size_tablet":0,"ocean_menu_typo_font_size_mobile":0,"ocean_menu_typo_font_size_unit":"px","ocean_menu_typo_font_weight":"","ocean_menu_typo_font_weight_tablet":"","ocean_menu_typo_font_weight_mobile":"","ocean_menu_typo_transform":"","ocean_menu_typo_transform_tablet":"","ocean_menu_typo_transform_mobile":"","ocean_menu_typo_line_height":0,"ocean_menu_typo_line_height_tablet":0,"ocean_menu_typo_line_height_mobile":0,"ocean_menu_typo_line_height_unit":"","ocean_menu_typo_spacing":0,"ocean_menu_typo_spacing_tablet":0,"ocean_menu_typo_spacing_mobile":0,"ocean_menu_typo_spacing_unit":"","ocean_menu_link_color":"","ocean_menu_link_color_hover":"","ocean_menu_link_color_active":"","ocean_menu_link_background":"","ocean_menu_link_hover_background":"","ocean_menu_link_active_background":"","ocean_menu_social_links_bg":"","ocean_menu_social_hover_links_bg":"","ocean_menu_social_links_color":"","ocean_menu_social_hover_links_color":"","ocean_disable_title":"default","ocean_disable_heading":"default","ocean_post_title":"","ocean_post_subheading":"","ocean_post_title_style":"","ocean_post_title_background_color":"","ocean_post_title_background":0,"ocean_post_title_bg_image_position":"","ocean_post_title_bg_image_attachment":"","ocean_post_title_bg_image_repeat":"","ocean_post_title_bg_image_size":"","ocean_post_title_height":0,"ocean_post_title_bg_overlay":0.5,"ocean_post_title_bg_overlay_color":"","ocean_disable_breadcrumbs":"default","ocean_breadcrumbs_color":"","ocean_breadcrumbs_separator_color":"","ocean_breadcrumbs_links_color":"","ocean_breadcrumbs_links_hover_color":"","ocean_display_footer_widgets":"default","ocean_display_footer_bottom":"default","ocean_custom_footer_template":"0","footnotes":""},"class_list":["post-987","page","type-page","status-publish","hentry","entry"],"_links":{"self":[{"href":"https:\/\/tressoli.com\/index.php?rest_route=\/wp\/v2\/pages\/987","targetHints":{"allow":["GET"]}}],"collection":[{"href":"https:\/\/tressoli.com\/index.php?rest_route=\/wp\/v2\/pages"}],"about":[{"href":"https:\/\/tressoli.com\/index.php?rest_route=\/wp\/v2\/types\/page"}],"author":[{"embeddable":true,"href":"https:\/\/tressoli.com\/index.php?rest_route=\/wp\/v2\/users\/1"}],"replies":[{"embeddable":true,"href":"https:\/\/tressoli.com\/index.php?rest_route=%2Fwp%2Fv2%2Fcomments&post=987"}],"version-history":[{"count":8,"href":"https:\/\/tressoli.com\/index.php?rest_route=\/wp\/v2\/pages\/987\/revisions"}],"predecessor-version":[{"id":1278,"href":"https:\/\/tressoli.com\/index.php?rest_route=\/wp\/v2\/pages\/987\/revisions\/1278"}],"up":[{"embeddable":true,"href":"https:\/\/tressoli.com\/index.php?rest_route=\/wp\/v2\/pages\/927"}],"wp:attachment":[{"href":"https:\/\/tressoli.com\/index.php?rest_route=%2Fwp%2Fv2%2Fmedia&parent=987"}],"curies":[{"name":"wp","href":"https:\/\/api.w.org\/{rel}","templated":true}]}}