{"id":919,"date":"2023-06-14T09:07:56","date_gmt":"2023-06-14T09:07:56","guid":{"rendered":"https:\/\/cerussa.com.pl\/?page_id=919"},"modified":"2024-10-03T14:49:42","modified_gmt":"2024-10-03T14:49:42","slug":"a-propos-de-nous","status":"publish","type":"page","link":"https:\/\/tressoli.com\/?page_id=919&lang=fr","title":{"rendered":"\u00c0 propos de nous"},"content":{"rendered":"\t\t<div data-elementor-type=\"wp-page\" data-elementor-id=\"919\" class=\"elementor elementor-919\" data-elementor-post-type=\"page\">\n\t\t\t\t\t\t<section class=\"elementor-section elementor-top-section elementor-element elementor-element-5aef086 elementor-section-height-min-height elementor-section-boxed elementor-section-height-default elementor-section-items-middle elementor-invisible\" data-id=\"5aef086\" data-element_type=\"section\" data-settings=\"{&quot;background_background&quot;:&quot;classic&quot;,&quot;animation&quot;:&quot;fadeIn&quot;,&quot;shape_divider_bottom&quot;:&quot;pyramids&quot;}\">\n\t\t\t\t\t\t\t<div class=\"elementor-background-overlay\"><\/div>\n\t\t\t\t\t\t<div class=\"elementor-shape elementor-shape-bottom\" data-negative=\"false\">\n\t\t\t<svg xmlns=\"http:\/\/www.w3.org\/2000\/svg\" viewBox=\"0 0 1000 100\" preserveAspectRatio=\"none\">\n\t<path class=\"elementor-shape-fill\" d=\"M761.9,44.1L643.1,27.2L333.8,98L0,3.8V0l1000,0v3.9\"\/>\n<\/svg>\t\t<\/div>\n\t\t\t\t\t<div class=\"elementor-container elementor-column-gap-default\">\n\t\t\t\t\t<div class=\"elementor-column elementor-col-100 elementor-top-column elementor-element elementor-element-8fdc137\" data-id=\"8fdc137\" data-element_type=\"column\">\n\t\t\t<div class=\"elementor-widget-wrap elementor-element-populated\">\n\t\t\t\t\t\t<div class=\"elementor-element elementor-element-70e90f4 elementor-invisible elementor-widget elementor-widget-heading\" data-id=\"70e90f4\" data-element_type=\"widget\" data-settings=\"{&quot;_animation&quot;:&quot;fadeInUp&quot;}\" data-widget_type=\"heading.default\">\n\t\t\t\t<div class=\"elementor-widget-container\">\n\t\t\t<style>\/*! elementor - v3.19.0 - 26-02-2024 *\/\n.elementor-heading-title{padding:0;margin:0;line-height:1}.elementor-widget-heading .elementor-heading-title[class*=elementor-size-]>a{color:inherit;font-size:inherit;line-height:inherit}.elementor-widget-heading .elementor-heading-title.elementor-size-small{font-size:15px}.elementor-widget-heading .elementor-heading-title.elementor-size-medium{font-size:19px}.elementor-widget-heading .elementor-heading-title.elementor-size-large{font-size:29px}.elementor-widget-heading .elementor-heading-title.elementor-size-xl{font-size:39px}.elementor-widget-heading .elementor-heading-title.elementor-size-xxl{font-size:59px}<\/style><h4 class=\"elementor-heading-title elementor-size-default\">Mieux nous conna\u00eetre<\/h4>\t\t<\/div>\n\t\t\t\t<\/div>\n\t\t\t\t<div class=\"elementor-element elementor-element-ce6de07 elementor-widget elementor-widget-heading\" data-id=\"ce6de07\" data-element_type=\"widget\" data-widget_type=\"heading.default\">\n\t\t\t\t<div class=\"elementor-widget-container\">\n\t\t\t<h1 class=\"elementor-heading-title elementor-size-default\">\u00c0 propos de nous<\/h1>\t\t<\/div>\n\t\t\t\t<\/div>\n\t\t\t\t\t<\/div>\n\t\t<\/div>\n\t\t\t\t\t<\/div>\n\t\t<\/section>\n\t\t\t\t<section class=\"elementor-section elementor-top-section elementor-element elementor-element-15a51e9 elementor-section-boxed elementor-section-height-default elementor-section-height-default\" data-id=\"15a51e9\" data-element_type=\"section\">\n\t\t\t\t\t\t<div class=\"elementor-container elementor-column-gap-default\">\n\t\t\t\t\t<div class=\"elementor-column elementor-col-100 elementor-top-column elementor-element elementor-element-e726675\" data-id=\"e726675\" data-element_type=\"column\">\n\t\t\t<div class=\"elementor-widget-wrap elementor-element-populated\">\n\t\t\t\t\t\t<section class=\"elementor-section elementor-inner-section elementor-element elementor-element-b631ae8 elementor-section-boxed elementor-section-height-default elementor-section-height-default\" data-id=\"b631ae8\" data-element_type=\"section\">\n\t\t\t\t\t\t<div class=\"elementor-container elementor-column-gap-default\">\n\t\t\t\t\t<div class=\"elementor-column elementor-col-100 elementor-inner-column elementor-element elementor-element-804707a\" data-id=\"804707a\" data-element_type=\"column\">\n\t\t\t<div class=\"elementor-widget-wrap elementor-element-populated\">\n\t\t\t\t\t\t<div class=\"elementor-element elementor-element-358f560 elementor-invisible elementor-widget elementor-widget-image\" data-id=\"358f560\" data-element_type=\"widget\" data-settings=\"{&quot;_animation&quot;:&quot;zoomIn&quot;}\" data-widget_type=\"image.default\">\n\t\t\t\t<div class=\"elementor-widget-container\">\n\t\t\t<style>\/*! elementor - v3.19.0 - 26-02-2024 *\/\n.elementor-widget-image{text-align:center}.elementor-widget-image a{display:inline-block}.elementor-widget-image a img[src$=\".svg\"]{width:48px}.elementor-widget-image img{vertical-align:middle;display:inline-block}<\/style>\t\t\t\t\t\t\t\t\t\t<img fetchpriority=\"high\" decoding=\"async\" width=\"2560\" height=\"1707\" src=\"https:\/\/tressoli.com\/wp-content\/uploads\/2021\/12\/oil-pouring-equipment-and-science-experiments-formulating-the-chemical-for-medicine-organic-medicine_t20_VK3pyw-scaled.jpg\" class=\"attachment-full size-full wp-image-164\" alt=\"\" srcset=\"https:\/\/tressoli.com\/wp-content\/uploads\/2021\/12\/oil-pouring-equipment-and-science-experiments-formulating-the-chemical-for-medicine-organic-medicine_t20_VK3pyw-scaled.jpg 2560w, https:\/\/tressoli.com\/wp-content\/uploads\/2021\/12\/oil-pouring-equipment-and-science-experiments-formulating-the-chemical-for-medicine-organic-medicine_t20_VK3pyw-300x200.jpg 300w, https:\/\/tressoli.com\/wp-content\/uploads\/2021\/12\/oil-pouring-equipment-and-science-experiments-formulating-the-chemical-for-medicine-organic-medicine_t20_VK3pyw-1024x683.jpg 1024w, https:\/\/tressoli.com\/wp-content\/uploads\/2021\/12\/oil-pouring-equipment-and-science-experiments-formulating-the-chemical-for-medicine-organic-medicine_t20_VK3pyw-768x512.jpg 768w, https:\/\/tressoli.com\/wp-content\/uploads\/2021\/12\/oil-pouring-equipment-and-science-experiments-formulating-the-chemical-for-medicine-organic-medicine_t20_VK3pyw-1536x1024.jpg 1536w, https:\/\/tressoli.com\/wp-content\/uploads\/2021\/12\/oil-pouring-equipment-and-science-experiments-formulating-the-chemical-for-medicine-organic-medicine_t20_VK3pyw-2048x1365.jpg 2048w\" sizes=\"(max-width: 2560px) 100vw, 2560px\" \/>\t\t\t\t\t\t\t\t\t\t\t\t\t<\/div>\n\t\t\t\t<\/div>\n\t\t\t\t\t<\/div>\n\t\t<\/div>\n\t\t\t\t\t<\/div>\n\t\t<\/section>\n\t\t\t\t\t<\/div>\n\t\t<\/div>\n\t\t\t\t\t<\/div>\n\t\t<\/section>\n\t\t\t\t<section class=\"elementor-section elementor-top-section elementor-element elementor-element-03f6d8b elementor-section-content-middle elementor-section-boxed elementor-section-height-default elementor-section-height-default\" data-id=\"03f6d8b\" data-element_type=\"section\">\n\t\t\t\t\t\t<div class=\"elementor-container elementor-column-gap-default\">\n\t\t\t\t\t<div class=\"elementor-column elementor-col-100 elementor-top-column elementor-element elementor-element-05c77b5\" data-id=\"05c77b5\" data-element_type=\"column\">\n\t\t\t<div class=\"elementor-widget-wrap elementor-element-populated\">\n\t\t\t\t\t\t<section class=\"elementor-section elementor-inner-section elementor-element elementor-element-9989b33 elementor-section-content-middle elementor-reverse-mobile elementor-section-boxed elementor-section-height-default elementor-section-height-default\" data-id=\"9989b33\" data-element_type=\"section\">\n\t\t\t\t\t\t<div class=\"elementor-container elementor-column-gap-default\">\n\t\t\t\t\t<div class=\"elementor-column elementor-col-50 elementor-inner-column elementor-element elementor-element-b8fa004 elementor-invisible\" data-id=\"b8fa004\" data-element_type=\"column\" data-settings=\"{&quot;animation&quot;:&quot;fadeIn&quot;}\">\n\t\t\t<div class=\"elementor-widget-wrap elementor-element-populated\">\n\t\t\t\t\t\t<div class=\"elementor-element elementor-element-1b860e7 elementor-widget elementor-widget-image\" data-id=\"1b860e7\" data-element_type=\"widget\" data-widget_type=\"image.default\">\n\t\t\t\t<div class=\"elementor-widget-container\">\n\t\t\t\t\t\t\t\t\t\t\t\t\t<img decoding=\"async\" src=\"https:\/\/tressoli.com\/wp-content\/uploads\/elementor\/thumbs\/pexels-yan-krukov-7019751-scaled-quq9sbmz8to6tli7xudej4si2oj58hvpznhq0zlwts.jpg\" title=\"pexels-yan-krukov-7019751\" alt=\"pexels-yan-krukov-7019751\" loading=\"lazy\" \/>\t\t\t\t\t\t\t\t\t\t\t\t\t<\/div>\n\t\t\t\t<\/div>\n\t\t\t\t\t<\/div>\n\t\t<\/div>\n\t\t\t\t<div class=\"elementor-column elementor-col-50 elementor-inner-column elementor-element elementor-element-d7efd4e elementor-invisible\" data-id=\"d7efd4e\" data-element_type=\"column\" data-settings=\"{&quot;animation&quot;:&quot;fadeIn&quot;}\">\n\t\t\t<div class=\"elementor-widget-wrap elementor-element-populated\">\n\t\t\t\t\t\t<div class=\"elementor-element elementor-element-0d8ac78 elementor-widget elementor-widget-heading\" data-id=\"0d8ac78\" data-element_type=\"widget\" data-widget_type=\"heading.default\">\n\t\t\t\t<div class=\"elementor-widget-container\">\n\t\t\t<h4 class=\"elementor-heading-title elementor-size-default\">Nous misons sur la qualit\u00e9<\/h4>\t\t<\/div>\n\t\t\t\t<\/div>\n\t\t\t\t<div class=\"elementor-element elementor-element-d1ea801 elementor-widget elementor-widget-heading\" data-id=\"d1ea801\" data-element_type=\"widget\" data-widget_type=\"heading.default\">\n\t\t\t\t<div class=\"elementor-widget-container\">\n\t\t\t<h2 class=\"elementor-heading-title elementor-size-default\">Tressoli est un fournisseur de mati\u00e8res premi\u00e8res utilis\u00e9es \u00e0 des fins techniques et alimentaires.<\/h2>\t\t<\/div>\n\t\t\t\t<\/div>\n\t\t\t\t<div class=\"elementor-element elementor-element-aaa058e elementor-widget elementor-widget-text-editor\" data-id=\"aaa058e\" data-element_type=\"widget\" data-widget_type=\"text-editor.default\">\n\t\t\t\t<div class=\"elementor-widget-container\">\n\t\t\t<style>\/*! elementor - v3.19.0 - 26-02-2024 *\/\n.elementor-widget-text-editor.elementor-drop-cap-view-stacked .elementor-drop-cap{background-color:#69727d;color:#fff}.elementor-widget-text-editor.elementor-drop-cap-view-framed .elementor-drop-cap{color:#69727d;border:3px solid;background-color:transparent}.elementor-widget-text-editor:not(.elementor-drop-cap-view-default) .elementor-drop-cap{margin-top:8px}.elementor-widget-text-editor:not(.elementor-drop-cap-view-default) .elementor-drop-cap-letter{width:1em;height:1em}.elementor-widget-text-editor .elementor-drop-cap{float:left;text-align:center;line-height:1;font-size:50px}.elementor-widget-text-editor .elementor-drop-cap-letter{display:inline-block}<\/style>\t\t\t\t<p>L&#8217;entreprise a \u00e9t\u00e9 cr\u00e9\u00e9e pour r\u00e9pondre \u00e0 la demande sans cesse croissante de la mati\u00e8re premi\u00e8re qu&#8217;elle propose. La chose la plus importante pour nous est la qualit\u00e9 et la confiance de nos partenaires commerciaux. Depuis des ann\u00e9es, nous g\u00e9rons une entreprise qui repose sur des bases solides, ce qui se traduit par une satisfaction et des relations \u00e0 long terme avec nos partenaires commerciaux. C&#8217;est sans aucun doute la distinction la plus importante pour nous!<br><\/p>\t\t\t\t\t\t<\/div>\n\t\t\t\t<\/div>\n\t\t\t\t<div class=\"elementor-element elementor-element-7f0c7c0 elementor-widget elementor-widget-button\" data-id=\"7f0c7c0\" data-element_type=\"widget\" data-widget_type=\"button.default\">\n\t\t\t\t<div class=\"elementor-widget-container\">\n\t\t\t\t\t<div class=\"elementor-button-wrapper\">\n\t\t\t<a class=\"elementor-button elementor-button-link elementor-size-md\" href=\"https:\/\/tressoli.com\/?page_id=896&#038;lang=fr\">\n\t\t\t\t\t\t<span class=\"elementor-button-content-wrapper\">\n\t\t\t\t\t\t<span class=\"elementor-button-icon elementor-align-icon-right\">\n\t\t\t\t<i aria-hidden=\"true\" class=\"fas fa-long-arrow-alt-right\"><\/i>\t\t\t<\/span>\n\t\t\t\t\t\t<span class=\"elementor-button-text\">N\u00e9gocier le prix<\/span>\n\t\t<\/span>\n\t\t\t\t\t<\/a>\n\t\t<\/div>\n\t\t\t\t<\/div>\n\t\t\t\t<\/div>\n\t\t\t\t\t<\/div>\n\t\t<\/div>\n\t\t\t\t\t<\/div>\n\t\t<\/section>\n\t\t\t\t\t<\/div>\n\t\t<\/div>\n\t\t\t\t\t<\/div>\n\t\t<\/section>\n\t\t\t\t<\/div>\n\t\t","protected":false},"excerpt":{"rendered":"<p>Mieux nous conna\u00eetre \u00c0 propos de nous Nous misons sur la qualit\u00e9 Tressoli est un fournisseur de mati\u00e8res premi\u00e8res utilis\u00e9es \u00e0 des fins techniques et alimentaires. L&#8217;entreprise a \u00e9t\u00e9 cr\u00e9\u00e9e pour r\u00e9pondre \u00e0 la demande sans cesse croissante de la mati\u00e8re premi\u00e8re qu&#8217;elle propose. La chose la plus importante pour nous est la qualit\u00e9 et [&hellip;]<\/p>\n","protected":false},"author":1,"featured_media":0,"parent":0,"menu_order":0,"comment_status":"closed","ping_status":"closed","template":"","meta":{"ocean_post_layout":"","ocean_both_sidebars_style":"","ocean_both_sidebars_content_width":0,"ocean_both_sidebars_sidebars_width":0,"ocean_sidebar":"0","ocean_second_sidebar":"0","ocean_disable_margins":"enable","ocean_add_body_class":"","ocean_shortcode_before_top_bar":"","ocean_shortcode_after_top_bar":"","ocean_shortcode_before_header":"","ocean_shortcode_after_header":"","ocean_has_shortcode":"","ocean_shortcode_after_title":"","ocean_shortcode_before_footer_widgets":"","ocean_shortcode_after_footer_widgets":"","ocean_shortcode_before_footer_bottom":"","ocean_shortcode_after_footer_bottom":"","ocean_display_top_bar":"default","ocean_display_header":"default","ocean_header_style":"","ocean_center_header_left_menu":"0","ocean_custom_header_template":"0","ocean_custom_logo":0,"ocean_custom_retina_logo":0,"ocean_custom_logo_max_width":0,"ocean_custom_logo_tablet_max_width":0,"ocean_custom_logo_mobile_max_width":0,"ocean_custom_logo_max_height":0,"ocean_custom_logo_tablet_max_height":0,"ocean_custom_logo_mobile_max_height":0,"ocean_header_custom_menu":"0","ocean_menu_typo_font_family":"0","ocean_menu_typo_font_subset":"","ocean_menu_typo_font_size":0,"ocean_menu_typo_font_size_tablet":0,"ocean_menu_typo_font_size_mobile":0,"ocean_menu_typo_font_size_unit":"px","ocean_menu_typo_font_weight":"","ocean_menu_typo_font_weight_tablet":"","ocean_menu_typo_font_weight_mobile":"","ocean_menu_typo_transform":"","ocean_menu_typo_transform_tablet":"","ocean_menu_typo_transform_mobile":"","ocean_menu_typo_line_height":0,"ocean_menu_typo_line_height_tablet":0,"ocean_menu_typo_line_height_mobile":0,"ocean_menu_typo_line_height_unit":"","ocean_menu_typo_spacing":0,"ocean_menu_typo_spacing_tablet":0,"ocean_menu_typo_spacing_mobile":0,"ocean_menu_typo_spacing_unit":"","ocean_menu_link_color":"","ocean_menu_link_color_hover":"","ocean_menu_link_color_active":"","ocean_menu_link_background":"","ocean_menu_link_hover_background":"","ocean_menu_link_active_background":"","ocean_menu_social_links_bg":"","ocean_menu_social_hover_links_bg":"","ocean_menu_social_links_color":"","ocean_menu_social_hover_links_color":"","ocean_disable_title":"default","ocean_disable_heading":"default","ocean_post_title":"","ocean_post_subheading":"","ocean_post_title_style":"","ocean_post_title_background_color":"","ocean_post_title_background":0,"ocean_post_title_bg_image_position":"","ocean_post_title_bg_image_attachment":"","ocean_post_title_bg_image_repeat":"","ocean_post_title_bg_image_size":"","ocean_post_title_height":0,"ocean_post_title_bg_overlay":0.5,"ocean_post_title_bg_overlay_color":"","ocean_disable_breadcrumbs":"default","ocean_breadcrumbs_color":"","ocean_breadcrumbs_separator_color":"","ocean_breadcrumbs_links_color":"","ocean_breadcrumbs_links_hover_color":"","ocean_display_footer_widgets":"default","ocean_display_footer_bottom":"default","ocean_custom_footer_template":"0","footnotes":""},"class_list":["post-919","page","type-page","status-publish","hentry","entry"],"_links":{"self":[{"href":"https:\/\/tressoli.com\/index.php?rest_route=\/wp\/v2\/pages\/919","targetHints":{"allow":["GET"]}}],"collection":[{"href":"https:\/\/tressoli.com\/index.php?rest_route=\/wp\/v2\/pages"}],"about":[{"href":"https:\/\/tressoli.com\/index.php?rest_route=\/wp\/v2\/types\/page"}],"author":[{"embeddable":true,"href":"https:\/\/tressoli.com\/index.php?rest_route=\/wp\/v2\/users\/1"}],"replies":[{"embeddable":true,"href":"https:\/\/tressoli.com\/index.php?rest_route=%2Fwp%2Fv2%2Fcomments&post=919"}],"version-history":[{"count":8,"href":"https:\/\/tressoli.com\/index.php?rest_route=\/wp\/v2\/pages\/919\/revisions"}],"predecessor-version":[{"id":1266,"href":"https:\/\/tressoli.com\/index.php?rest_route=\/wp\/v2\/pages\/919\/revisions\/1266"}],"wp:attachment":[{"href":"https:\/\/tressoli.com\/index.php?rest_route=%2Fwp%2Fv2%2Fmedia&parent=919"}],"curies":[{"name":"wp","href":"https:\/\/api.w.org\/{rel}","templated":true}]}}